{"id":4331,"date":"2025-10-03T15:38:40","date_gmt":"2025-10-03T13:38:40","guid":{"rendered":"https:\/\/t-ink.ink\/?page_id=4331"},"modified":"2025-10-09T18:25:30","modified_gmt":"2025-10-09T16:25:30","slug":"zwroty","status":"publish","type":"page","link":"https:\/\/t-ink.ink\/en\/zwroty\/","title":{"rendered":"Returns and Exchanges"},"content":{"rendered":"<h4 class=\"wp-block-heading\"><strong>Pack the products you want to return<\/strong><\/h4>\n\n\n\n<p>Remember to protect the returned item from damage by using appropriate padding. Pack the shipment in a regular-sized box or a plastic bag used by the courier company. Seal the shipment with tape. Do not use stretch film alone to package the product.<\/p>\n\n\n\n<h4 class=\"wp-block-heading\"><strong>Send the parcel<\/strong><\/h4>\n\n\n\n<p>Send the parcel to the following address:<\/p>\n\n\n\n<p style=\"padding-left:var(--wp--preset--spacing--30)\">Fundacja JK Projekt<\/p>\n\n\n\n<p style=\"padding-left:var(--wp--preset--spacing--30)\">ul. P\u00f3\u0142wiejska 17\/26<\/p>\n\n\n\n<p style=\"padding-left:var(--wp--preset--spacing--30)\">61-688 Pozna\u0144<\/p>\n\n\n\n<p style=\"padding-left:var(--wp--preset--spacing--30)\">Poland<\/p>\n\n\n\n<p><strong>To streamline and speed up the return or exchange process<\/strong>, once you have shipped your parcel, please email us at shop@t-ink.ink.<\/p>\n\n\n\n<h4 class=\"wp-block-heading\"><strong>Wait for your refund<\/strong><\/h4>\n\n\n\n<p>We will refund your money within 14 days. You will receive the refund to the account number provided on the withdrawal form.<\/p>","protected":false},"excerpt":{"rendered":"<p>Spakuj produkty, kt\u00f3re chcesz zwr\u00f3ci\u0107 Pami\u0119taj, aby zwracany towar zabezpieczy\u0107 przed zniszczeniem, wk\u0142adaj\u0105c odpowiednie wype\u0142nienie. Przesy\u0142k\u0119 zapakuj w karton o regularnym kszta\u0142cie, b\u0105d\u017a foliopak u\u017cywany przez dan\u0105 firm\u0119 kuriersk\u0105. Zaklej przesy\u0142k\u0119 ta\u015bm\u0105. Nie u\u017cywaj tylko i wy\u0142\u0105cznie folii strech do zapakowania produktu. Nadaj swoj\u0105 przesy\u0142k\u0119 Nadaj przesy\u0142k\u0119 na adres: Fundacja JK Projekt ul. P\u00f3\u0142wiejska 17\/26 [&hellip;]<\/p>","protected":false},"author":1,"featured_media":0,"parent":0,"menu_order":0,"comment_status":"closed","ping_status":"closed","template":"","meta":{"inline_featured_image":false,"advanced_seo_description":"","jetpack_seo_html_title":"","jetpack_seo_noindex":false,"footnotes":""},"class_list":["post-4331","page","type-page","status-publish","hentry"],"jetpack_sharing_enabled":true,"_links":{"self":[{"href":"https:\/\/t-ink.ink\/en\/wp-json\/wp\/v2\/pages\/4331","targetHints":{"allow":["GET"]}}],"collection":[{"href":"https:\/\/t-ink.ink\/en\/wp-json\/wp\/v2\/pages"}],"about":[{"href":"https:\/\/t-ink.ink\/en\/wp-json\/wp\/v2\/types\/page"}],"author":[{"embeddable":true,"href":"https:\/\/t-ink.ink\/en\/wp-json\/wp\/v2\/users\/1"}],"replies":[{"embeddable":true,"href":"https:\/\/t-ink.ink\/en\/wp-json\/wp\/v2\/comments?post=4331"}],"version-history":[{"count":7,"href":"https:\/\/t-ink.ink\/en\/wp-json\/wp\/v2\/pages\/4331\/revisions"}],"predecessor-version":[{"id":9061,"href":"https:\/\/t-ink.ink\/en\/wp-json\/wp\/v2\/pages\/4331\/revisions\/9061"}],"wp:attachment":[{"href":"https:\/\/t-ink.ink\/en\/wp-json\/wp\/v2\/media?parent=4331"}],"curies":[{"name":"wp","href":"https:\/\/api.w.org\/{rel}","templated":true}]}}