{"id":8956,"date":"2025-10-08T14:00:06","date_gmt":"2025-10-08T12:00:06","guid":{"rendered":"https:\/\/t-ink.ink\/?page_id=8956"},"modified":"2025-10-09T16:26:13","modified_gmt":"2025-10-09T14:26:13","slug":"dostawa","status":"publish","type":"page","link":"https:\/\/t-ink.ink\/en\/dostawa\/","title":{"rendered":"Delivery"},"content":{"rendered":"<p class=\"has-text-align-center has-large-font-size\">Free delivery to Poland for orders over PLN 500!<\/p>\n\n\n\n<p><strong>\ud83d\udd52<\/strong><strong>&nbsp;T-Ink order processing and shipping times<\/strong><\/p>\n\n\n\n<p class=\"translation-block\">Each T-Ink T-shirt is <strong>made to order<\/strong>\u2014specifically for you, after your order is placed and paid for. This includes <strong>production, printing, and preparation for shipping<\/strong>, resulting in a slightly longer lead time compared to ready-made products.<\/p>\n\n\n\n<p><strong>\ud83d\udce6<\/strong><strong>&nbsp;Orders with delivery to Poland<\/strong><\/p>\n\n\n\n<ul class=\"wp-block-list\">\n<li><strong>Lead time (production + printing):<\/strong>&nbsp;about&nbsp;<strong>10\u201312 business days<\/strong>&nbsp;from the receipt of payment.<\/li>\n\n\n\n<li><strong>Delivery time (transport):<\/strong>&nbsp;usually&nbsp;<strong>1-2 business days<\/strong>&nbsp;depending on the courier company.<br>\u27a1\ufe0f&nbsp;<strong>Total order processing time: up to 14 business days.<\/strong><\/li>\n<\/ul>\n\n\n\n<p><strong>\ud83c\udf0d<\/strong><strong>&nbsp;Orders outside Poland<\/strong><\/p>\n\n\n\n<ul class=\"wp-block-list\">\n<li><strong>Lead time:<\/strong>&nbsp;up to&nbsp;<strong>3 business days<\/strong>&nbsp;from the receipt of payment.<\/li>\n\n\n\n<li><strong>Delivery time:<\/strong>&nbsp;depending on the country and the chosen delivery service provider, on average&nbsp;<strong>5-15 business days<\/strong>.<\/li>\n<\/ul>\n\n\n\n<p>T-Ink offers products to European countries, including:<br>Albania, Andorra, Armenia, Austria, Azerbaijan, Belgium, Bulgaria, Croatia, Cyprus, Czech Republic, Denmark, Estonia, Finland, France, Georgia, Germany, Greece, Hungary, Iceland, Ireland, Italy, Kazakhstan, Latvia, Liechtenstein, Lithuania, Luxembourg, Malta, Moldova, Monaco, Montenegro, Netherlands, Norway, Poland, Portugal, Romania, San Marino, Serbia, Slovakia, Slovenia, Spain, Sweden, Switzerland, Turkey, Ukraine, United Kingdom.<\/p>\n\n\n\n<p><\/p>","protected":false},"excerpt":{"rendered":"<p>Przy zam\u00f3wieniu ponad 500 z\u0142 dostawa do Polski gratis! \ud83d\udd52&nbsp;Czas realizacji i wysy\u0142ki zam\u00f3wie\u0144 T-Ink Ka\u017cda koszulka T-Ink tworzona jest&nbsp;na indywidualne zam\u00f3wienie klienta&nbsp;\u2014 specjalnie dla Ciebie, po z\u0142o\u017ceniu i op\u0142aceniu zam\u00f3wienia. Obejmuje to proces&nbsp;produkcji, nadruku oraz przygotowania do wysy\u0142ki, dlatego czas realizacji jest nieco d\u0142u\u017cszy ni\u017c w przypadku gotowych produkt\u00f3w. \ud83d\udce6&nbsp;Zam\u00f3wienia z dostaw\u0105 do Polski [&hellip;]<\/p>","protected":false},"author":1,"featured_media":0,"parent":0,"menu_order":0,"comment_status":"closed","ping_status":"closed","template":"","meta":{"inline_featured_image":false,"advanced_seo_description":"","jetpack_seo_html_title":"","jetpack_seo_noindex":false,"footnotes":""},"class_list":["post-8956","page","type-page","status-publish","hentry"],"jetpack_sharing_enabled":true,"_links":{"self":[{"href":"https:\/\/t-ink.ink\/en\/wp-json\/wp\/v2\/pages\/8956","targetHints":{"allow":["GET"]}}],"collection":[{"href":"https:\/\/t-ink.ink\/en\/wp-json\/wp\/v2\/pages"}],"about":[{"href":"https:\/\/t-ink.ink\/en\/wp-json\/wp\/v2\/types\/page"}],"author":[{"embeddable":true,"href":"https:\/\/t-ink.ink\/en\/wp-json\/wp\/v2\/users\/1"}],"replies":[{"embeddable":true,"href":"https:\/\/t-ink.ink\/en\/wp-json\/wp\/v2\/comments?post=8956"}],"version-history":[{"count":6,"href":"https:\/\/t-ink.ink\/en\/wp-json\/wp\/v2\/pages\/8956\/revisions"}],"predecessor-version":[{"id":9044,"href":"https:\/\/t-ink.ink\/en\/wp-json\/wp\/v2\/pages\/8956\/revisions\/9044"}],"wp:attachment":[{"href":"https:\/\/t-ink.ink\/en\/wp-json\/wp\/v2\/media?parent=8956"}],"curies":[{"name":"wp","href":"https:\/\/api.w.org\/{rel}","templated":true}]}}