{"id":11237,"date":"2026-01-20T17:56:58","date_gmt":"2026-01-20T16:56:58","guid":{"rendered":"https:\/\/t-ink.ink\/?post_type=product&#038;p=11237"},"modified":"2026-01-20T18:00:26","modified_gmt":"2026-01-20T17:00:26","slug":"old-zoladek-motyli","status":"publish","type":"product","link":"https:\/\/t-ink.ink\/en\/sklep\/old-zoladek-motyli\/","title":{"rendered":"Old \u017bo\u0142\u0105dek Motyli"},"content":{"rendered":"","protected":false},"excerpt":{"rendered":"","protected":false},"featured_media":11314,"comment_status":"open","ping_status":"closed","template":"","meta":{"inline_featured_image":false,"advanced_seo_description":"","jetpack_seo_html_title":"","jetpack_seo_noindex":false},"product_brand":[],"product_cat":[94],"product_tag":[],"class_list":{"0":"post-11237","1":"product","2":"type-product","3":"status-publish","4":"has-post-thumbnail","6":"product_cat-walentynki","8":"first","9":"instock","10":"featured","11":"shipping-taxable","12":"purchasable","13":"product-type-variable","14":"has-default-attributes"},"jetpack_sharing_enabled":true,"_links":{"self":[{"href":"https:\/\/t-ink.ink\/en\/wp-json\/wp\/v2\/product\/11237","targetHints":{"allow":["GET"]}}],"collection":[{"href":"https:\/\/t-ink.ink\/en\/wp-json\/wp\/v2\/product"}],"about":[{"href":"https:\/\/t-ink.ink\/en\/wp-json\/wp\/v2\/types\/product"}],"replies":[{"embeddable":true,"href":"https:\/\/t-ink.ink\/en\/wp-json\/wp\/v2\/comments?post=11237"}],"wp:featuredmedia":[{"embeddable":true,"href":"https:\/\/t-ink.ink\/en\/wp-json\/wp\/v2\/media\/11314"}],"wp:attachment":[{"href":"https:\/\/t-ink.ink\/en\/wp-json\/wp\/v2\/media?parent=11237"}],"wp:term":[{"taxonomy":"product_brand","embeddable":true,"href":"https:\/\/t-ink.ink\/en\/wp-json\/wp\/v2\/product_brand?post=11237"},{"taxonomy":"product_cat","embeddable":true,"href":"https:\/\/t-ink.ink\/en\/wp-json\/wp\/v2\/product_cat?post=11237"},{"taxonomy":"product_tag","embeddable":true,"href":"https:\/\/t-ink.ink\/en\/wp-json\/wp\/v2\/product_tag?post=11237"}],"curies":[{"name":"wp","href":"https:\/\/api.w.org\/{rel}","templated":true}]}}