{"id":317,"date":"2025-09-08T18:06:25","date_gmt":"2025-09-08T16:06:25","guid":{"rendered":"https:\/\/t-ink.ink\/?page_id=317"},"modified":"2025-10-07T16:51:32","modified_gmt":"2025-10-07T14:51:32","slug":"onas","status":"publish","type":"page","link":"https:\/\/t-ink.ink\/pl\/onas\/","title":{"rendered":"O Nas"},"content":{"rendered":"\n<h2 class=\"wp-block-heading is-style-default\" style=\"padding-top:var(--wp--preset--spacing--20);padding-bottom:var(--wp--preset--spacing--20)\"><strong> Tw\u00f3rzmy razem<\/strong><\/h2>\n\n\n\n<p id=\"E270\" style=\"padding-top:0;padding-bottom:var(--wp--preset--spacing--10)\">Nasze grafiki s\u0105 opowie\u015bci\u0105 o idealizmie, marzeniach i sztuce. To \u015bwiat pe\u0142en barw i znacze\u0144, ale prawdziwe \u017cycie naszych koszulek zaczyna si\u0119 dopiero wtedy, gdy nosz\u0105 je zwykli ludzie \u2013 Wy.<\/p>\n\n\n\n<p id=\"E272\" style=\"padding-bottom:var(--wp--preset--spacing--10);line-height:1.4\">Nie interesuj\u0105 nas wyretuszowani modele ani sztuczne pozory. Chcemy autentyczno\u015bci \u2013 Waszych historii, codziennych chwil, w\u0142asnego stylu i osobowo\u015bci. Bo to w\u0142a\u015bnie one nadaj\u0105 naszej marce prawdziwy sens.<\/p>\n\n\n\n<p id=\"E274\" style=\"padding-bottom:var(--wp--preset--spacing--10)\">Ka\u017cdy projekt to spotkanie sztuki z codzienno\u015bci\u0105. Koszulka staje si\u0119 wyj\u0105tkowa dopiero wtedy, gdy \u017cyje razem z Wami \u2013 w pracy, w podr\u00f3\u017cy, na spacerze, w chwilach wa\u017cnych i tych zupe\u0142nie zwyczajnych.<\/p>\n\n\n\n<p id=\"E276\">Tworzymy mark\u0119, kt\u00f3ra \u0142\u0105czy \u015bwiaty: idealizmu i sztuki z jednej strony, oraz autentyczno\u015bci i \u017cycia codziennego z drugiej. Bo razem mo\u017cemy stworzy\u0107 co\u015b wi\u0119cej ni\u017c ubrania \u2013 wsp\u00f3lne do\u015bwiadczenie.<\/p>\n","protected":false},"excerpt":{"rendered":"<p>Tw\u00f3rzmy razem Nasze grafiki s\u0105 opowie\u015bci\u0105 o idealizmie, marzeniach i sztuce. To \u015bwiat pe\u0142en barw i znacze\u0144, ale prawdziwe \u017cycie naszych koszulek zaczyna si\u0119 dopiero wtedy, gdy nosz\u0105 je zwykli ludzie \u2013 Wy. Nie interesuj\u0105 nas wyretuszowani modele ani sztuczne pozory. Chcemy autentyczno\u015bci \u2013 Waszych historii, codziennych chwil, w\u0142asnego stylu i osobowo\u015bci. Bo to w\u0142a\u015bnie [&hellip;]<\/p>\n","protected":false},"author":1,"featured_media":0,"parent":0,"menu_order":0,"comment_status":"closed","ping_status":"closed","template":"page-no-title","meta":{"inline_featured_image":false,"advanced_seo_description":"","jetpack_seo_html_title":"","jetpack_seo_noindex":false,"footnotes":""},"class_list":["post-317","page","type-page","status-publish","hentry"],"jetpack_sharing_enabled":true,"_links":{"self":[{"href":"https:\/\/t-ink.ink\/pl\/wp-json\/wp\/v2\/pages\/317","targetHints":{"allow":["GET"]}}],"collection":[{"href":"https:\/\/t-ink.ink\/pl\/wp-json\/wp\/v2\/pages"}],"about":[{"href":"https:\/\/t-ink.ink\/pl\/wp-json\/wp\/v2\/types\/page"}],"author":[{"embeddable":true,"href":"https:\/\/t-ink.ink\/pl\/wp-json\/wp\/v2\/users\/1"}],"replies":[{"embeddable":true,"href":"https:\/\/t-ink.ink\/pl\/wp-json\/wp\/v2\/comments?post=317"}],"version-history":[{"count":13,"href":"https:\/\/t-ink.ink\/pl\/wp-json\/wp\/v2\/pages\/317\/revisions"}],"predecessor-version":[{"id":8807,"href":"https:\/\/t-ink.ink\/pl\/wp-json\/wp\/v2\/pages\/317\/revisions\/8807"}],"wp:attachment":[{"href":"https:\/\/t-ink.ink\/pl\/wp-json\/wp\/v2\/media?parent=317"}],"curies":[{"name":"wp","href":"https:\/\/api.w.org\/{rel}","templated":true}]}}