{"id":8956,"date":"2025-10-08T14:00:06","date_gmt":"2025-10-08T12:00:06","guid":{"rendered":"https:\/\/t-ink.ink\/?page_id=8956"},"modified":"2025-10-09T16:26:13","modified_gmt":"2025-10-09T14:26:13","slug":"dostawa","status":"publish","type":"page","link":"https:\/\/t-ink.ink\/pl\/dostawa\/","title":{"rendered":"Dostawa"},"content":{"rendered":"\n<p class=\"has-text-align-center has-large-font-size\">Przy zam\u00f3wieniu ponad 500 z\u0142 dostawa do Polski gratis!<\/p>\n\n\n\n<p><strong>\ud83d\udd52<\/strong><strong>&nbsp;Czas realizacji i wysy\u0142ki zam\u00f3wie\u0144 T-Ink<\/strong><\/p>\n\n\n\n<p>Ka\u017cda koszulka T-Ink tworzona jest&nbsp;<strong>na indywidualne zam\u00f3wienie klienta<\/strong>&nbsp;\u2014 specjalnie dla Ciebie, po z\u0142o\u017ceniu i op\u0142aceniu zam\u00f3wienia. Obejmuje to proces&nbsp;<strong>produkcji, nadruku oraz przygotowania do wysy\u0142ki<\/strong>, dlatego czas realizacji jest nieco d\u0142u\u017cszy ni\u017c w przypadku gotowych produkt\u00f3w.<\/p>\n\n\n\n<p><strong>\ud83d\udce6<\/strong><strong>&nbsp;Zam\u00f3wienia z dostaw\u0105 do Polski<\/strong><\/p>\n\n\n\n<ul class=\"wp-block-list\">\n<li><strong>Czas realizacji (produkcja + nadruk):<\/strong>&nbsp;ok.&nbsp;<strong>10\u201312 dni roboczych<\/strong>&nbsp;od zaksi\u0119gowania wp\u0142aty.<\/li>\n\n\n\n<li><strong>Czas dostawy (transport):<\/strong>&nbsp;zazwyczaj&nbsp;<strong>1\u20132 dni robocze<\/strong>&nbsp;w zale\u017cno\u015bci od firmy kurierskiej.<br>\u27a1\ufe0f&nbsp;<strong>\u0141\u0105czny czas realizacji zam\u00f3wienia: do 14 dni roboczych.<\/strong><\/li>\n<\/ul>\n\n\n\n<p><strong>\ud83c\udf0d<\/strong><strong>&nbsp;Zam\u00f3wienia zagraniczne<\/strong><\/p>\n\n\n\n<ul class=\"wp-block-list\">\n<li><strong>Czas realizacji:<\/strong>&nbsp;do&nbsp;<strong>3 dni roboczych<\/strong>&nbsp;od zaksi\u0119gowania wp\u0142aty.<\/li>\n\n\n\n<li><strong>Czas dostawy:<\/strong>&nbsp;zale\u017cny od kraju i wybranego dostawcy \u2013 \u015brednio&nbsp;<strong>5\u201315 dni roboczych<\/strong>.<\/li>\n<\/ul>\n\n\n\n<p>T-Ink wysy\u0142a produkty do wi\u0119kszo\u015bci kraj\u00f3w europejskich, w tym m.in.:<br>Albania, Andora, Armenia, Austria, Azerbejd\u017can, Belgia, Bu\u0142garia, Chorwacja, Cypr, Czarnog\u00f3ra, Czechy, Dania, Estonia, Finlandia, Francja, Grecja, Gruzja, Hiszpania, Holandia (Niderlandy), Irlandia, Islandia, Kazachstan, Liechtenstein, Litwa, Luksemburg, \u0141otwa, Macedonia P\u00f3\u0142nocna, Malta, Mo\u0142dawia, Monako, Niemcy, Norwegia, Polska, Portugalia, Rumunia, San Marino, Serbia, S\u0142owacja, S\u0142owenia, Szwajcaria, Szwecja, Turcja, Ukraina, W\u0119gry, Wielka Brytania, W\u0142ochy.<\/p>\n\n\n\n<p><\/p>\n","protected":false},"excerpt":{"rendered":"<p>Przy zam\u00f3wieniu ponad 500 z\u0142 dostawa do Polski gratis! \ud83d\udd52&nbsp;Czas realizacji i wysy\u0142ki zam\u00f3wie\u0144 T-Ink Ka\u017cda koszulka T-Ink tworzona jest&nbsp;na indywidualne zam\u00f3wienie klienta&nbsp;\u2014 specjalnie dla Ciebie, po z\u0142o\u017ceniu i op\u0142aceniu zam\u00f3wienia. Obejmuje to proces&nbsp;produkcji, nadruku oraz przygotowania do wysy\u0142ki, dlatego czas realizacji jest nieco d\u0142u\u017cszy ni\u017c w przypadku gotowych produkt\u00f3w. \ud83d\udce6&nbsp;Zam\u00f3wienia z dostaw\u0105 do Polski [&hellip;]<\/p>\n","protected":false},"author":1,"featured_media":0,"parent":0,"menu_order":0,"comment_status":"closed","ping_status":"closed","template":"","meta":{"inline_featured_image":false,"advanced_seo_description":"","jetpack_seo_html_title":"","jetpack_seo_noindex":false,"footnotes":""},"class_list":["post-8956","page","type-page","status-publish","hentry"],"jetpack_sharing_enabled":true,"_links":{"self":[{"href":"https:\/\/t-ink.ink\/pl\/wp-json\/wp\/v2\/pages\/8956","targetHints":{"allow":["GET"]}}],"collection":[{"href":"https:\/\/t-ink.ink\/pl\/wp-json\/wp\/v2\/pages"}],"about":[{"href":"https:\/\/t-ink.ink\/pl\/wp-json\/wp\/v2\/types\/page"}],"author":[{"embeddable":true,"href":"https:\/\/t-ink.ink\/pl\/wp-json\/wp\/v2\/users\/1"}],"replies":[{"embeddable":true,"href":"https:\/\/t-ink.ink\/pl\/wp-json\/wp\/v2\/comments?post=8956"}],"version-history":[{"count":6,"href":"https:\/\/t-ink.ink\/pl\/wp-json\/wp\/v2\/pages\/8956\/revisions"}],"predecessor-version":[{"id":9044,"href":"https:\/\/t-ink.ink\/pl\/wp-json\/wp\/v2\/pages\/8956\/revisions\/9044"}],"wp:attachment":[{"href":"https:\/\/t-ink.ink\/pl\/wp-json\/wp\/v2\/media?parent=8956"}],"curies":[{"name":"wp","href":"https:\/\/api.w.org\/{rel}","templated":true}]}}